{"id":462,"date":"2016-01-08T11:28:46","date_gmt":"2016-01-08T11:28:46","guid":{"rendered":"http:\/\/consultall.stm\/?page_id=462"},"modified":"2018-09-20T13:53:51","modified_gmt":"2018-09-20T11:53:51","slug":"nas-tim","status":"publish","type":"page","link":"https:\/\/ambiz.eu\/en\/nas-tim\/","title":{"rendered":"Our Team"},"content":{"rendered":"<div class=\"vc_row wpb_row vc_row-fluid vc_custom_1459506565899\"><div class=\"wpb_column vc_column_container vc_col-sm-12\"><div class=\"vc_column-inner\"><div class=\"wpb_wrapper\"><div class=\"vc_custom_heading vc_custom_1533929487225 text_align_left\" ><h2 style=\"text-align: left\" class=\"consulting-custom-title\">Our Team<\/h2><\/div>\n\t<div class=\"wpb_text_column wpb_content_element\" >\n\t\t<div class=\"wpb_wrapper\">\n\t\t\t<blockquote>\n<h6 style=\"text-align: center;\">Zakladate\u013eka projektu a CEO je Silvia Slobodov\u00e1, ktor\u00e1 po raste biznisu spojila svoje sily a znalosti so So\u0148ou Buffovou a pon\u00fakla jej miesto spolumajite\u013eky a COO. Silvia sa po 6 rokoch p\u00f4sobenia v USA presunula na Slovensko, kde sa sna\u017e\u00ed pozdvihn\u00fa\u0165 povedomie \u013eud\u00ed o mo\u017enostiach podnikania v USA, k\u00fdm So\u0148a na\u010falej zastupuje firmu v Miami. Pod\u013ea po\u017eiadaviek klientov akt\u00edvne spolupracujeme e\u0161te so Zuzanou Jur\u00e1\u0148ovou (NYC, NY), na\u0161ou branding expertkou, Pavlom Bobekom (San Diego, CA), ktor\u00fd je expert na video a foto produkciu a s Rickom Lemoinom (Miami, FL) , ktor\u00fd ako roden\u00fd Ameri\u010dan najlep\u0161ie pozn\u00e1 americk\u00fd trh a vie poradi\u0165.<\/h6>\n<\/blockquote>\n\n\t\t<\/div>\n\t<\/div>\n<div class=\"vc_row wpb_row vc_inner vc_row-fluid\"><div class=\"wpb_column vc_column_container vc_col-sm-12\"><div class=\"vc_column-inner\"><div class=\"wpb_wrapper\">\n\t<div  class=\"wpb_single_image wpb_content_element vc_align_left\">\n\t\t\n\t\t<figure class=\"wpb_wrapper vc_figure\">\n\t\t\t<div class=\"vc_single_image-wrapper   vc_box_border_grey\"><img loading=\"lazy\" decoding=\"async\" width=\"1024\" height=\"683\" src=\"https:\/\/ambiz.eu\/wp-content\/uploads\/2018\/09\/IMG_0989-1-1024x683.jpg\" class=\"vc_single_image-img attachment-large\" alt=\"\" srcset=\"https:\/\/ambiz.eu\/wp-content\/uploads\/2018\/09\/IMG_0989-1-1024x683.jpg 1024w, https:\/\/ambiz.eu\/wp-content\/uploads\/2018\/09\/IMG_0989-1-300x200.jpg 300w, https:\/\/ambiz.eu\/wp-content\/uploads\/2018\/09\/IMG_0989-1-768x512.jpg 768w, https:\/\/ambiz.eu\/wp-content\/uploads\/2018\/09\/IMG_0989-1-600x400.jpg 600w\" sizes=\"(max-width: 1024px) 100vw, 1024px\" \/><\/div>\n\t\t<\/figure>\n\t<\/div>\n<\/div><\/div><\/div><\/div><div class=\"vc_row wpb_row vc_inner vc_row-fluid\"><div class=\"wpb_column vc_column_container vc_col-sm-12\"><div class=\"vc_column-inner\"><div class=\"wpb_wrapper\"><div class=\"vc_empty_space\"   style=\"height: 32px\"><span class=\"vc_empty_space_inner\"><\/span><\/div>\n\n    \n        <div class=\"staff_list grid cols_2 img_default\">\n            <ul class=\"\">\n                                    <li>\n                                                                                                            <div class=\"staff_image\">\n                                    <a href=\"https:\/\/ambiz.eu\/en\/staff\/silvia\/\">\n                                        <img loading=\"lazy\" decoding=\"async\" width=\"350\" height=\"250\" src=\"https:\/\/ambiz.eu\/wp-content\/uploads\/2018\/01\/Silvia-Slobodova-6-e1533758547553-350x250.jpg\" class=\"attachment-consulting-image-350x250-croped size-consulting-image-350x250-croped wp-post-image\" alt=\"\" srcset=\"https:\/\/ambiz.eu\/wp-content\/uploads\/2018\/01\/Silvia-Slobodova-6-e1533758547553-350x250.jpg 350w, https:\/\/ambiz.eu\/wp-content\/uploads\/2018\/01\/Silvia-Slobodova-6-e1533758547553-255x182.jpg 255w\" sizes=\"(max-width: 350px) 100vw, 350px\" \/>                                    <\/a>\n                                    <ul class=\"staff_socials hidden\">\n                                                                                                                                                                                                            <li class=\"staff_linkedin\">\n                                                <a href=\"https:\/\/www.linkedin.com\/in\/silvia-slobodova\/\"><i\n                                                        class=\"fa fa-linkedin\"><\/i><\/a>\n                                            <\/li>\n                                                                            <\/ul>\n                                <\/div>\n                                                        <div class=\"staff_info\">\n                                <h4 class=\"no_stripe\">\n                                    <a href=\"https:\/\/ambiz.eu\/en\/staff\/silvia\/\" class=\"secondary_font_color_hv text_decoration_none\">Silvia Slobodov\u00e1<\/a>\n                                <\/h4>\n                                                                    <div class=\"staff_department\">\n                                        Founder\/CEO                                    <\/div>\n                                                                                                    <p>Silvia porad\u00ed ako za\u010da\u0165 a dohliadne na cel\u00fd proces.<\/p>\n                                                                                                    <a class=\"read_more\" href=\"https:\/\/ambiz.eu\/en\/staff\/silvia\/\">\n                                        <span>view profile<\/span>\n                                        <i class=\"fa fa-chevron-right stm_icon\"><\/i>\n                                    <\/a>\n                                                            <\/div>\n                                            <\/li>\n                                    <li>\n                                                                                                            <div class=\"staff_image\">\n                                    <a href=\"https:\/\/ambiz.eu\/en\/staff\/sona\/\">\n                                        <img loading=\"lazy\" decoding=\"async\" width=\"350\" height=\"250\" src=\"https:\/\/ambiz.eu\/wp-content\/uploads\/2018\/01\/Sona-350x250.jpg\" class=\"attachment-consulting-image-350x250-croped size-consulting-image-350x250-croped wp-post-image\" alt=\"\" srcset=\"https:\/\/ambiz.eu\/wp-content\/uploads\/2018\/01\/Sona-350x250.jpg 350w, https:\/\/ambiz.eu\/wp-content\/uploads\/2018\/01\/Sona-300x213.jpg 300w, https:\/\/ambiz.eu\/wp-content\/uploads\/2018\/01\/Sona-255x182.jpg 255w, https:\/\/ambiz.eu\/wp-content\/uploads\/2018\/01\/Sona-600x426.jpg 600w, https:\/\/ambiz.eu\/wp-content\/uploads\/2018\/01\/Sona.jpg 1800w\" sizes=\"(max-width: 350px) 100vw, 350px\" \/>                                    <\/a>\n                                    <ul class=\"staff_socials hidden\">\n                                                                                                                                                                                                    <\/ul>\n                                <\/div>\n                                                        <div class=\"staff_info\">\n                                <h4 class=\"no_stripe\">\n                                    <a href=\"https:\/\/ambiz.eu\/en\/staff\/sona\/\" class=\"secondary_font_color_hv text_decoration_none\">So\u0148a Buffov\u00e1<\/a>\n                                <\/h4>\n                                                                    <div class=\"staff_department\">\n                                        Partner                                    <\/div>\n                                                                                                    <p>So\u0148a pom\u00f4\u017ee s pl\u00e1novan\u00edm, anal\u00fdzami a realiz\u00e1ciou.<\/p>\n                                                                                                    <a class=\"read_more\" href=\"https:\/\/ambiz.eu\/en\/staff\/sona\/\">\n                                        <span>view profile<\/span>\n                                        <i class=\"fa fa-chevron-right stm_icon\"><\/i>\n                                    <\/a>\n                                                            <\/div>\n                                            <\/li>\n                                            <\/ul>\n\n        <\/div>\n\n    \n\n<div class=\"vc_empty_space\"   style=\"height: 32px\"><span class=\"vc_empty_space_inner\"><\/span><\/div>\n\n    \n        <div class=\"staff_list grid cols_3 img_default\">\n            <ul class=\"\">\n                                    <li>\n                                                                                                            <div class=\"staff_image\">\n                                    <a href=\"https:\/\/ambiz.eu\/en\/staff\/zuzana\/\">\n                                        <img loading=\"lazy\" decoding=\"async\" width=\"350\" height=\"250\" src=\"https:\/\/ambiz.eu\/wp-content\/uploads\/2018\/08\/Screen-Shot-2018-08-22-at-10.58.33-e1534950144916-350x250.png\" class=\"attachment-consulting-image-350x250-croped size-consulting-image-350x250-croped wp-post-image\" alt=\"\" srcset=\"https:\/\/ambiz.eu\/wp-content\/uploads\/2018\/08\/Screen-Shot-2018-08-22-at-10.58.33-e1534950144916-350x250.png 350w, https:\/\/ambiz.eu\/wp-content\/uploads\/2018\/08\/Screen-Shot-2018-08-22-at-10.58.33-e1534950144916-255x182.png 255w\" sizes=\"(max-width: 350px) 100vw, 350px\" \/>                                    <\/a>\n                                    <ul class=\"staff_socials hidden\">\n                                                                                    <li class=\"staff_facebook\">\n                                                <a href=\"https:\/\/www.facebook.com\/medleythink\"><i\n                                                        class=\"fa fa-facebook\"><\/i><\/a>\n                                            <\/li>\n                                                                                                                                                                                                            <li class=\"staff_linkedin\">\n                                                <a href=\"https:\/\/www.linkedin.com\/in\/zuzana-juranova-60a35593\/\"><i\n                                                        class=\"fa fa-linkedin\"><\/i><\/a>\n                                            <\/li>\n                                                                            <\/ul>\n                                <\/div>\n                                                        <div class=\"staff_info\">\n                                <h4 class=\"no_stripe\">\n                                    <a href=\"https:\/\/ambiz.eu\/en\/staff\/zuzana\/\" class=\"secondary_font_color_hv text_decoration_none\">Zuzana Jur\u00e1\u0148ov\u00e1<\/a>\n                                <\/h4>\n                                                                    <div class=\"staff_department\">\n                                        Branding Expert                                    <\/div>\n                                                                                                    <p>Zuzana pom\u00f4\u017ee s tvorbou branding strat\u00e9gie.<\/p>\n                                                                                                    <a class=\"read_more\" href=\"https:\/\/ambiz.eu\/en\/staff\/zuzana\/\">\n                                        <span>view profile<\/span>\n                                        <i class=\"fa fa-chevron-right stm_icon\"><\/i>\n                                    <\/a>\n                                                            <\/div>\n                                            <\/li>\n                                    <li>\n                                                                                                            <div class=\"staff_image\">\n                                    <a href=\"https:\/\/ambiz.eu\/en\/staff\/rick\/\">\n                                        <img loading=\"lazy\" decoding=\"async\" width=\"350\" height=\"250\" src=\"https:\/\/ambiz.eu\/wp-content\/uploads\/2018\/01\/WhatsApp-Image-2018-08-08-at-3.37.57-PM1-e1533758086194-350x250.jpeg\" class=\"attachment-consulting-image-350x250-croped size-consulting-image-350x250-croped wp-post-image\" alt=\"\" srcset=\"https:\/\/ambiz.eu\/wp-content\/uploads\/2018\/01\/WhatsApp-Image-2018-08-08-at-3.37.57-PM1-e1533758086194-350x250.jpeg 350w, https:\/\/ambiz.eu\/wp-content\/uploads\/2018\/01\/WhatsApp-Image-2018-08-08-at-3.37.57-PM1-e1533758086194-255x182.jpeg 255w\" sizes=\"(max-width: 350px) 100vw, 350px\" \/>                                    <\/a>\n                                    <ul class=\"staff_socials hidden\">\n                                                                                                                                                                                                    <\/ul>\n                                <\/div>\n                                                        <div class=\"staff_info\">\n                                <h4 class=\"no_stripe\">\n                                    <a href=\"https:\/\/ambiz.eu\/en\/staff\/rick\/\" class=\"secondary_font_color_hv text_decoration_none\">Rick Lemoine<\/a>\n                                <\/h4>\n                                                                    <div class=\"staff_department\">\n                                        Market Expert                                    <\/div>\n                                                                                                    <p>Rick pom\u00f4\u017ee s nastaven\u00edm z\u00e1meru.<\/p>\n                                                                                                    <a class=\"read_more\" href=\"https:\/\/ambiz.eu\/en\/staff\/rick\/\">\n                                        <span>view profile<\/span>\n                                        <i class=\"fa fa-chevron-right stm_icon\"><\/i>\n                                    <\/a>\n                                                            <\/div>\n                                            <\/li>\n                                    <li>\n                                                                                                            <div class=\"staff_image\">\n                                    <a href=\"https:\/\/ambiz.eu\/en\/staff\/pavol\/\">\n                                        <img loading=\"lazy\" decoding=\"async\" width=\"350\" height=\"250\" src=\"https:\/\/ambiz.eu\/wp-content\/uploads\/2018\/01\/Pali-Photo-e1533758288801-350x250.png\" class=\"attachment-consulting-image-350x250-croped size-consulting-image-350x250-croped wp-post-image\" alt=\"\" srcset=\"https:\/\/ambiz.eu\/wp-content\/uploads\/2018\/01\/Pali-Photo-e1533758288801-350x250.png 350w, https:\/\/ambiz.eu\/wp-content\/uploads\/2018\/01\/Pali-Photo-e1533758288801-255x182.png 255w\" sizes=\"(max-width: 350px) 100vw, 350px\" \/>                                    <\/a>\n                                    <ul class=\"staff_socials hidden\">\n                                                                                    <li class=\"staff_facebook\">\n                                                <a href=\"https:\/\/www.facebook.com\/palo.lakatos.9\"><i\n                                                        class=\"fa fa-facebook\"><\/i><\/a>\n                                            <\/li>\n                                                                                                                                                                                                            <li class=\"staff_linkedin\">\n                                                <a href=\"https:\/\/www.linkedin.com\/in\/pavol-bobek\/\"><i\n                                                        class=\"fa fa-linkedin\"><\/i><\/a>\n                                            <\/li>\n                                                                            <\/ul>\n                                <\/div>\n                                                        <div class=\"staff_info\">\n                                <h4 class=\"no_stripe\">\n                                    <a href=\"https:\/\/ambiz.eu\/en\/staff\/pavol\/\" class=\"secondary_font_color_hv text_decoration_none\">Pavol Bobek<\/a>\n                                <\/h4>\n                                                                    <div class=\"staff_department\">\n                                        Photo\/Video Expert                                    <\/div>\n                                                                                                    <p>Pavol pom\u00f4\u017ee s tvorbou foto\/video contentu.<\/p>\n                                                                                                    <a class=\"read_more\" href=\"https:\/\/ambiz.eu\/en\/staff\/pavol\/\">\n                                        <span>view profile<\/span>\n                                        <i class=\"fa fa-chevron-right stm_icon\"><\/i>\n                                    <\/a>\n                                                            <\/div>\n                                            <\/li>\n                                            <\/ul>\n\n        <\/div>\n\n    \n\n<\/div><\/div><\/div><\/div><\/div><\/div><\/div><\/div><div data-vc-full-width=\"true\" data-vc-full-width-init=\"false\" data-vc-parallax=\"1.5\" data-vc-parallax-image=\"https:\/\/www.youtube.com\/watch?v=lMJXxhRFO1k\" class=\"vc_row wpb_row vc_row-fluid video_overlay vc_custom_1453974134693 vc_row-has-fill vc_video-bg-container vc_general vc_parallax vc_parallax-content-moving\"><div class=\"wpb_column vc_column_container vc_col-sm-12\"><div class=\"vc_column-inner\"><div class=\"wpb_wrapper\"><div class=\"vc_custom_heading vc_custom_1533922770399 text_align_center\" ><h1 style=\"color: #ffffff;text-align: center\" class=\"consulting-custom-title\">Start your business now!<\/h1><\/div><div class=\"vc_btn3-container vc_btn3-center\" ><a class=\"vc_general vc_btn3 vc_btn3-size-lg vc_btn3-shape-square vc_btn3-style-flat vc_btn3-icon-right vc_btn3-color-theme_style_3\" href=\"http:\/\/ambiz.eu\/en\/konzultacia\/\" title=\"\">Book a consultation <i class=\"vc_btn3-icon fa fa-chevron-right\"><\/i><\/a><\/div><\/div><\/div><\/div><\/div><div class=\"vc_row-full-width vc_clearfix\"><\/div>","protected":false},"excerpt":{"rendered":"Pavol BobekDesign Expert Oblasti z\u00e1ujmu: Design Marketing Creative Ideas Content Management Corporate Identity Photography Cynematography Pavol bol na\u0161\u00edm prv\u00fdm klientom a s\u00e1m je dr\u017eite\u013eom E2 v\u00edz. Podnik\u00e1 v San Diegu v oblasti grafick\u00fdch rie\u0161en\u00ed, web dizajnu, soci\u00e1lnych siet\u00ed a tvorbe korpor\u00e1tnej identity. M\u00e1 v\u00fdnimo\u010dn\u00fd talent na tvorbu vide\u00ed a fotenie a po\u017eiadavky americk\u00e9ho trhu pozn\u00e1","protected":false},"author":1,"featured_media":0,"parent":0,"menu_order":0,"comment_status":"closed","ping_status":"closed","template":"","meta":{"_monsterinsights_skip_tracking":false,"_monsterinsights_sitenote_active":false,"_monsterinsights_sitenote_note":"","_monsterinsights_sitenote_category":0,"footnotes":""},"yst_prominent_words":[],"class_list":["post-462","page","type-page","status-publish","hentry"],"_links":{"self":[{"href":"https:\/\/ambiz.eu\/en\/wp-json\/wp\/v2\/pages\/462"}],"collection":[{"href":"https:\/\/ambiz.eu\/en\/wp-json\/wp\/v2\/pages"}],"about":[{"href":"https:\/\/ambiz.eu\/en\/wp-json\/wp\/v2\/types\/page"}],"author":[{"embeddable":true,"href":"https:\/\/ambiz.eu\/en\/wp-json\/wp\/v2\/users\/1"}],"replies":[{"embeddable":true,"href":"https:\/\/ambiz.eu\/en\/wp-json\/wp\/v2\/comments?post=462"}],"version-history":[{"count":6,"href":"https:\/\/ambiz.eu\/en\/wp-json\/wp\/v2\/pages\/462\/revisions"}],"predecessor-version":[{"id":3658,"href":"https:\/\/ambiz.eu\/en\/wp-json\/wp\/v2\/pages\/462\/revisions\/3658"}],"wp:attachment":[{"href":"https:\/\/ambiz.eu\/en\/wp-json\/wp\/v2\/media?parent=462"}],"wp:term":[{"taxonomy":"yst_prominent_words","embeddable":true,"href":"https:\/\/ambiz.eu\/en\/wp-json\/wp\/v2\/yst_prominent_words?post=462"}],"curies":[{"name":"wp","href":"https:\/\/api.w.org\/{rel}","templated":true}]}}