{"id":3600,"date":"2018-08-11T02:43:55","date_gmt":"2018-08-11T00:43:55","guid":{"rendered":"http:\/\/ambiz.eu\/?page_id=3600"},"modified":"2020-01-28T16:56:43","modified_gmt":"2020-01-28T15:56:43","slug":"o-nas-3","status":"publish","type":"page","link":"https:\/\/ambiz.eu\/en\/o-nas-3\/","title":{"rendered":"O N\u00e1s"},"content":{"rendered":"<div class=\"vc_row wpb_row vc_row-fluid\"><div class=\"wpb_column vc_column_container vc_col-sm-12\"><div class=\"vc_column-inner\"><div class=\"wpb_wrapper\"><div class=\"vc_custom_heading text_align_left\" ><h1 style=\"text-align: left;font-family:Abril Fatface;font-weight:400;font-style:normal\" class=\"consulting-custom-title\"><a href=\"https:\/\/www.forbes.sk\/slovenka-pomaha-prerazit-za-velkou-mlakou-v-usa-uz-nastartovala-biznis-50-firmam\/\">Forbes<\/a><\/h1><\/div>\n\t<div  class=\"wpb_single_image wpb_content_element vc_align_left\">\n\t\t\n\t\t<figure class=\"wpb_wrapper vc_figure\">\n\t\t\t<div class=\"vc_single_image-wrapper   vc_box_border_grey\"><img loading=\"lazy\" decoding=\"async\" width=\"938\" height=\"743\" src=\"https:\/\/ambiz.eu\/wp-content\/uploads\/2018\/08\/Screen-Shot-2018-08-08-at-13.20.51-e1533760675545.png\" class=\"vc_single_image-img attachment-full\" alt=\"\" srcset=\"https:\/\/ambiz.eu\/wp-content\/uploads\/2018\/08\/Screen-Shot-2018-08-08-at-13.20.51-e1533760675545.png 938w, https:\/\/ambiz.eu\/wp-content\/uploads\/2018\/08\/Screen-Shot-2018-08-08-at-13.20.51-e1533760675545-300x238.png 300w, https:\/\/ambiz.eu\/wp-content\/uploads\/2018\/08\/Screen-Shot-2018-08-08-at-13.20.51-e1533760675545-768x608.png 768w, https:\/\/ambiz.eu\/wp-content\/uploads\/2018\/08\/Screen-Shot-2018-08-08-at-13.20.51-e1533760675545-600x475.png 600w\" sizes=\"(max-width: 938px) 100vw, 938px\" \/><\/div>\n\t\t<\/figure>\n\t<\/div>\n\n\t<div class=\"wpb_text_column wpb_content_element\" >\n\t\t<div class=\"wpb_wrapper\">\n\t\t\t<p>An average entrepreneur from Slovakia has the potential to be extremely successful in the U.S., says Silvia Slobodov\u00e1, who has opened the doors to the U.S. market for many European entrepreneurs. She started her own business in Miami six years ago and although her original plan was to offer seasonal work and internships for students, helping Slovak a Czech companies establish themselves in the U.S. market now accounts for 80% of her business.<\/p>\n<p>Silvia Slobodov\u00e1 came to the U.S. as a student through the work and travel program. She returned to Miami every summer after that. \u201cI started understanding Americans and their mentality more and more, I learned to navigate the system and became well versed in many practical matters.<\/p>\n<p>You can read the entire interview with Silvia Slobodov\u00e1 <a href=\"https:\/\/www.forbes.sk\/slovenka-pomaha-prerazit-za-velkou-mlakou-v-usa-uz-nastartovala-biznis-50-firmam\/\">HERE<\/a>.<\/p>\n\n\t\t<\/div>\n\t<\/div>\n<div class=\"vc_empty_space\"   style=\"height: 32px\"><span class=\"vc_empty_space_inner\"><\/span><\/div><\/div><\/div><\/div><div class=\"wpb_column vc_column_container vc_col-sm-12\"><div class=\"vc_column-inner\"><div class=\"wpb_wrapper\"><div class=\"vc_custom_heading text_align_left\" ><h1 style=\"text-align: left;font-family:Abril Fatface;font-weight:400;font-style:normal\" class=\"consulting-custom-title\"><a href=\"https:\/\/www.startitup.sk\/local-silvia-dokazuje-slovakom-ze-prerazit-s-ich-biznisom-v-usa-nie-je-vobec-tazke\/\">StartitUP<\/a><\/h1><\/div><\/div><\/div><\/div><\/div><div class=\"vc_row wpb_row vc_row-fluid\"><div class=\"wpb_column vc_column_container vc_col-sm-12\"><div class=\"vc_column-inner\"><div class=\"wpb_wrapper\">\n\t<div  class=\"wpb_single_image wpb_content_element vc_align_left\">\n\t\t\n\t\t<figure class=\"wpb_wrapper vc_figure\">\n\t\t\t<div class=\"vc_single_image-wrapper   vc_box_border_grey\"><img loading=\"lazy\" decoding=\"async\" width=\"1110\" height=\"718\" src=\"https:\/\/ambiz.eu\/wp-content\/uploads\/2016\/01\/Screen-Shot-2018-08-08-at-16.19.17.png\" class=\"vc_single_image-img attachment-full\" alt=\"\" srcset=\"https:\/\/ambiz.eu\/wp-content\/uploads\/2016\/01\/Screen-Shot-2018-08-08-at-16.19.17.png 1110w, https:\/\/ambiz.eu\/wp-content\/uploads\/2016\/01\/Screen-Shot-2018-08-08-at-16.19.17-300x194.png 300w, https:\/\/ambiz.eu\/wp-content\/uploads\/2016\/01\/Screen-Shot-2018-08-08-at-16.19.17-768x497.png 768w, https:\/\/ambiz.eu\/wp-content\/uploads\/2016\/01\/Screen-Shot-2018-08-08-at-16.19.17-1024x662.png 1024w, https:\/\/ambiz.eu\/wp-content\/uploads\/2016\/01\/Screen-Shot-2018-08-08-at-16.19.17-600x388.png 600w\" sizes=\"(max-width: 1110px) 100vw, 1110px\" \/><\/div>\n\t\t<\/figure>\n\t<\/div>\n<\/div><\/div><\/div><\/div><div class=\"vc_row wpb_row vc_row-fluid\"><div class=\"wpb_column vc_column_container vc_col-sm-12\"><div class=\"vc_column-inner\"><div class=\"wpb_wrapper\">\n\t<div class=\"wpb_text_column wpb_content_element\" >\n\t\t<div class=\"wpb_wrapper\">\n\t\t\t<p>&nbsp;<\/p>\n<ul>\n<li>Roz\u00adbe\u00adhn\u00fa\u0165 \u00faspe\u0161n\u00fd biz\u00adnis v USA m\u00f4\u017ee by\u0165 po\u00adkojne jed\u00adno\u00adduch\u00ad\u0161ie ako v Bra\u00adti\u00adslave<\/li>\n<li>Je v\u0161ak po\u00adtrebn\u00e9 ma\u0165 \u0161i\u00adrok\u00fd roz\u00adh\u013ead a dobr\u00e9 know-how<\/li>\n<li>A pr\u00e1ve to ti po\u00adskytne Sil\u00advia s jej pro\u00adjek\u00adtom, ktor\u00fd \u013eu\u00ad\u010fom po\u00adm\u00e1ha pre\u00adra\u00adzi\u0165 na ame\u00adric\u00adkom trhu<\/li>\n<\/ul>\n<p>Sil\u00advia Slo\u00adbo\u00addov\u00e1 je ab\u00adsol\u00advent\u00adkou Fa\u00adkulty ma\u00adna\u017e\u00admentu na Uni\u00adver\u00adzite Ko\u00admen\u00adsk\u00e9ho v\u00a0Bra\u00adti\u00adslave. Po\u00ad\u010das svojho \u0161t\u00fa\u00addia ab\u00adsol\u00advo\u00advala Slo\u00adv\u00e1kmi ve\u013emi ob\u00ad\u013e\u00fa\u00adben\u00fd v\u00fd\u00admenn\u00fd prog\u00adram Work and Tra\u00advel hne\u010f \u0161ty\u00adri\u00adkr\u00e1t. Na jej ces\u00adt\u00e1ch si v\u0161ak pr\u00e1cu a\u00a0os\u00adtatn\u00e9 z\u00e1\u00adle\u00ad\u017ei\u00adtosti vy\u00adba\u00advo\u00advala na vlastn\u00fa p\u00e4s\u0165, v\u010faka \u010domu lep\u00ad\u0161ie po\u00adro\u00adzu\u00admela ame\u00adric\u00adkej men\u00adta\u00adlite. Po n\u00e1\u00advrate na\u00ads\u00adp\u00e4\u0165 na Slo\u00adven\u00adsko do\u00adst\u00e1\u00advala od zn\u00e1\u00admych a ka\u00adma\u00adr\u00e1\u00adtov mno\u017e\u00adstvo ot\u00e1\u00adzok a pro\u00adsieb o rady, \u010di u\u017e oh\u013ea\u00addom v\u00edz, pr\u00e1ce, alebo ces\u00adto\u00adva\u00adnia.<\/p>\n<p>Cel\u00fd rozhovor si viete pre\u010d\u00edta\u0165\u00a0<a href=\"https:\/\/www.startitup.sk\/local-silvia-dokazuje-slovakom-ze-prerazit-s-ich-biznisom-v-usa-nie-je-vobec-tazke\/\">HERE.<\/a><\/p>\n\n\t\t<\/div>\n\t<\/div>\n<div class=\"vc_empty_space\"   style=\"height: 32px\"><span class=\"vc_empty_space_inner\"><\/span><\/div><\/div><\/div><\/div><\/div><div class=\"vc_row wpb_row vc_row-fluid\"><div class=\"wpb_column vc_column_container vc_col-sm-12\"><div class=\"vc_column-inner\"><div class=\"wpb_wrapper\"><div class=\"vc_custom_heading text_align_left\" ><h1 style=\"text-align: left;font-family:Abril Fatface;font-weight:400;font-style:normal\" class=\"consulting-custom-title\"><a href=\"https:\/\/www.expres.sk\/93214\/slovenka-silvia-slobodova-pomaha-rozbehnut-biznis-na-miami\/\">R\u00e1dio Expres<\/a><\/h1><\/div><\/div><\/div><\/div><\/div><div class=\"vc_row wpb_row vc_row-fluid\"><div class=\"wpb_column vc_column_container vc_col-sm-4\"><div class=\"vc_column-inner\"><div class=\"wpb_wrapper\">\n\t<div class=\"wpb_text_column wpb_content_element\" >\n\t\t<div class=\"wpb_wrapper\">\n\t\t\t<p><img loading=\"lazy\" decoding=\"async\" class=\"alignnone size-medium wp-image-3463\" src=\"http:\/\/ambiz.eu\/wp-content\/uploads\/2018\/08\/Expres-300x156.png\" alt=\"\" width=\"300\" height=\"156\" \/><\/p>\n<p><img loading=\"lazy\" decoding=\"async\" class=\"alignnone size-medium wp-image-3589\" src=\"http:\/\/ambiz.eu\/wp-content\/uploads\/2018\/07\/Screen-Shot-2018-08-10-at-19.51.56-300x199.png\" alt=\"\" width=\"300\" height=\"199\" srcset=\"https:\/\/ambiz.eu\/wp-content\/uploads\/2018\/07\/Screen-Shot-2018-08-10-at-19.51.56-300x199.png 300w, https:\/\/ambiz.eu\/wp-content\/uploads\/2018\/07\/Screen-Shot-2018-08-10-at-19.51.56-600x398.png 600w, https:\/\/ambiz.eu\/wp-content\/uploads\/2018\/07\/Screen-Shot-2018-08-10-at-19.51.56.png 653w\" sizes=\"(max-width: 300px) 100vw, 300px\" \/><\/p>\n\n\t\t<\/div>\n\t<\/div>\n<\/div><\/div><\/div><div class=\"wpb_column vc_column_container vc_col-sm-8\"><div class=\"vc_column-inner\"><div class=\"wpb_wrapper\">\n\t<div class=\"wpb_text_column wpb_content_element\" >\n\t\t<div class=\"wpb_wrapper\">\n\t\t\t<p>Silvia Slobodov\u00e1 bola pozvan\u00e1 ako hos\u0165 v rel\u00e1cii Slov\u00e1ci v zahrani\u010d\u00ed s Oli D\u017eupinkovou.<\/p>\n<p>Cel\u00fd rozhovor si viete vypo\u010du\u0165 a pre\u010d\u00edta\u0165\u00a0<a href=\"https:\/\/www.expres.sk\/93214\/slovenka-silvia-slobodova-pomaha-rozbehnut-biznis-na-miami\/\">HERE.<\/a><\/p>\n<p>&nbsp;<\/p>\n<p><iframe loading=\"lazy\" src=\"https:\/\/w.soundcloud.com\/player\/?visual=true&amp;url=https%3A%2F%2Fapi.soundcloud.com%2Ftracks%2F310090193&amp;show_artwork=true&amp;maxwidth=525&amp;maxheight=788&amp;dnt=1\" width=\"525\" height=\"400\" frameborder=\"no\" scrolling=\"no\" data-mce-fragment=\"1\"><\/iframe><\/p>\n\n\t\t<\/div>\n\t<\/div>\n<\/div><\/div><\/div><\/div><div class=\"vc_row wpb_row vc_row-fluid\"><div class=\"wpb_column vc_column_container vc_col-sm-12\"><div class=\"vc_column-inner\"><div class=\"wpb_wrapper\"><div class=\"vc_empty_space\"   style=\"height: 32px\"><span class=\"vc_empty_space_inner\"><\/span><\/div><\/div><\/div><\/div><\/div><div class=\"vc_row wpb_row vc_row-fluid\"><div class=\"wpb_column vc_column_container vc_col-sm-12\"><div class=\"vc_column-inner\"><div class=\"wpb_wrapper\"><div class=\"vc_custom_heading text_align_left\" ><h1 style=\"text-align: left;font-family:Abril Fatface;font-weight:400;font-style:normal\" class=\"consulting-custom-title\"><a href=\"https:\/\/tv.hnonline.sk\/8d3c0783-3138-406a-9fdc-360f3fe2c71b\/slovaci-su-v-usa-vo-vyhode-mame-vacsiu-dravost-hovori-zena-ktora-tu-pomaha-vytvarat-biznis\">HN Online<\/a><\/h1><\/div><\/div><\/div><\/div><\/div><div class=\"vc_row wpb_row vc_row-fluid\"><div class=\"wpb_column vc_column_container vc_col-sm-12\"><div class=\"vc_column-inner\"><div class=\"wpb_wrapper\">\n\t<div  class=\"wpb_single_image wpb_content_element vc_align_left\">\n\t\t\n\t\t<figure class=\"wpb_wrapper vc_figure\">\n\t\t\t<div class=\"vc_single_image-wrapper   vc_box_border_grey\"><img loading=\"lazy\" decoding=\"async\" width=\"925\" height=\"700\" src=\"https:\/\/ambiz.eu\/wp-content\/uploads\/2018\/07\/HN.jpg\" class=\"vc_single_image-img attachment-full\" alt=\"\" srcset=\"https:\/\/ambiz.eu\/wp-content\/uploads\/2018\/07\/HN.jpg 925w, https:\/\/ambiz.eu\/wp-content\/uploads\/2018\/07\/HN-300x227.jpg 300w, https:\/\/ambiz.eu\/wp-content\/uploads\/2018\/07\/HN-768x581.jpg 768w, https:\/\/ambiz.eu\/wp-content\/uploads\/2018\/07\/HN-600x454.jpg 600w\" sizes=\"(max-width: 925px) 100vw, 925px\" \/><\/div>\n\t\t<\/figure>\n\t<\/div>\n<\/div><\/div><\/div><\/div><div class=\"vc_row wpb_row vc_row-fluid\"><div class=\"wpb_column vc_column_container vc_col-sm-12\"><div class=\"vc_column-inner\"><div class=\"wpb_wrapper\">\n\t<div class=\"wpb_text_column wpb_content_element\" >\n\t\t<div class=\"wpb_wrapper\">\n\t\t\t<p>Spojen\u00e9 \u0161t\u00e1ty americk\u00e9 l\u00e1kaj\u00fa \u013eud\u00ed z cel\u00e9ho sveta. T\u00ed d\u00fafaj\u00fa, \u017ee tu za\u017eij\u00fa svoj americk\u00fd sen a to, samozrejme, plat\u00ed aj pre Slov\u00e1kov.<\/p>\n<p>O tom, ak\u00e9 maj\u00fa Slov\u00e1ci v USA mo\u017enosti a \u010di sa im situ\u00e1cia nekomplikuje n\u00e1stupom Donalda Trumpa do prezidentsk\u00e9ho kresla, sa v \u0161t\u00fadiu HNtelev\u00edzie rozpr\u00e1vala redaktorka HN Nikola Richterov\u00e1 so zakladate\u013ekou projektu Americkybiznis.sk Silviou Slobodovou.<\/p>\n\n\t\t<\/div>\n\t<\/div>\n\n\t<div class=\"wpb_text_column wpb_content_element\" >\n\t\t<div class=\"wpb_wrapper\">\n\t\t\t<p>Video rozhovor so Silvia Slobodovou pre HN Online, kde odzneli odpovede aj na naj\u010dastej\u0161ie ot\u00e1zky na\u0161ich klientov. Cel\u00fd \u010dl\u00e1nok si viete pre\u010d\u00edta\u0165\u00a0<a href=\"https:\/\/tv.hnonline.sk\/8d3c0783-3138-406a-9fdc-360f3fe2c71b\/slovaci-su-v-usa-vo-vyhode-mame-vacsiu-dravost-hovori-zena-ktora-tu-pomaha-vytvarat-biznis\">HERE.<\/a><\/p>\n<p><iframe loading=\"lazy\" src=\"https:\/\/media.hnonline.sk\/embed\/8d3c0783-3138-406a-9fdc-360f3fe2c71b?autoplay=0\" width=\"900\" height=\"533\" data-mce-fragment=\"1\"><\/iframe><\/p>\n\n\t\t<\/div>\n\t<\/div>\n<div class=\"vc_custom_heading text_align_left\" ><h1 style=\"text-align: left;font-family:Abril Fatface;font-weight:400;font-style:normal\" class=\"consulting-custom-title\"><a href=\"https:\/\/biznisklub.sk\/americky-biznis-ako-zacat-podnikat-v-amerike-prieskum-trhu-zalozenie-firmy-rozhovor-so-silviou-slobodovou\/\">Biznisklub.sk<\/a><\/h1><\/div>\n\t<div  class=\"wpb_single_image wpb_content_element vc_align_left\">\n\t\t\n\t\t<figure class=\"wpb_wrapper vc_figure\">\n\t\t\t<div class=\"vc_single_image-wrapper   vc_box_border_grey\"><img loading=\"lazy\" decoding=\"async\" width=\"892\" height=\"690\" src=\"https:\/\/ambiz.eu\/wp-content\/uploads\/2018\/08\/Screen-Shot-2018-08-14-at-06.21.05.png\" class=\"vc_single_image-img attachment-full\" alt=\"\" srcset=\"https:\/\/ambiz.eu\/wp-content\/uploads\/2018\/08\/Screen-Shot-2018-08-14-at-06.21.05.png 892w, https:\/\/ambiz.eu\/wp-content\/uploads\/2018\/08\/Screen-Shot-2018-08-14-at-06.21.05-300x232.png 300w, https:\/\/ambiz.eu\/wp-content\/uploads\/2018\/08\/Screen-Shot-2018-08-14-at-06.21.05-768x594.png 768w, https:\/\/ambiz.eu\/wp-content\/uploads\/2018\/08\/Screen-Shot-2018-08-14-at-06.21.05-600x464.png 600w\" sizes=\"(max-width: 892px) 100vw, 892px\" \/><\/div>\n\t\t<\/figure>\n\t<\/div>\n<div class=\"vc_row wpb_row vc_inner vc_row-fluid\"><div class=\"wpb_column vc_column_container vc_col-sm-12\"><div class=\"vc_column-inner\"><div class=\"wpb_wrapper\">\n\t<div class=\"wpb_text_column wpb_content_element\" >\n\t\t<div class=\"wpb_wrapper\">\n\t\t\t<p>M\u00f4\u017ee svoj \u201camerick\u00fd sen\u201d za\u017ei\u0165 aj podnikate\u013e zo Slovenska? Ako sa podnik\u00e1 v Amerike v porovnan\u00ed s na\u0161im mal\u00fdm Slovenskom? Ako dlho trv\u00e1 a ak\u00e9 s\u00fa podmienky pre zalo\u017eenie spolo\u010dnosti v Amerike? Silvia Slobodov\u00e1 pom\u00e1ha uspie\u0165 slovensk\u00fdm a \u010desk\u00fdm firm\u00e1m za ve\u013ekou ml\u00e1kou. Pod n\u00e1zvom \u201c<em>Americk\u00fd biznis<\/em>\u201d prep\u00e1ja podnikate\u013eov. Mnoho z v\u00e1s m\u00e1 teraz pri tejto t\u00e9me v hlave asi \u201cmili\u00f3n\u201d ot\u00e1zok, ktor\u00e9 by ste polo\u017eili.\u00a0Na tie najz\u00e1kladnej\u0161ie sa op\u00fdtame i my.<\/p>\n<p>Cel\u00fd rozhovor si viete pre\u010d\u00edta\u0165 <a href=\"https:\/\/biznisklub.sk\/americky-biznis-ako-zacat-podnikat-v-amerike-prieskum-trhu-zalozenie-firmy-rozhovor-so-silviou-slobodovou\/\">HERE.<\/a><\/p>\n\n\t\t<\/div>\n\t<\/div>\n<div class=\"vc_empty_space\"   style=\"height: 40px\"><span class=\"vc_empty_space_inner\"><\/span><\/div><\/div><\/div><\/div><\/div><div class=\"vc_custom_heading text_align_left\" ><h1 style=\"text-align: left;font-family:Abril Fatface;font-weight:400;font-style:normal\" class=\"consulting-custom-title\"><a href=\"https:\/\/biznisklub.sk\/americky-biznis-ako-zacat-podnikat-v-amerike-prieskum-trhu-zalozenie-firmy-rozhovor-so-silviou-slobodovou\/\">\u017dIVOT<\/a><\/h1><\/div>\n\t<div  class=\"wpb_single_image wpb_content_element vc_align_left\">\n\t\t\n\t\t<figure class=\"wpb_wrapper vc_figure\">\n\t\t\t<div class=\"vc_single_image-wrapper   vc_box_border_grey\"><img loading=\"lazy\" decoding=\"async\" width=\"678\" height=\"748\" src=\"https:\/\/ambiz.eu\/wp-content\/uploads\/2018\/09\/Screen-Shot-2018-09-13-at-12.26.40.png\" class=\"vc_single_image-img attachment-full\" alt=\"\" srcset=\"https:\/\/ambiz.eu\/wp-content\/uploads\/2018\/09\/Screen-Shot-2018-09-13-at-12.26.40.png 678w, https:\/\/ambiz.eu\/wp-content\/uploads\/2018\/09\/Screen-Shot-2018-09-13-at-12.26.40-272x300.png 272w, https:\/\/ambiz.eu\/wp-content\/uploads\/2018\/09\/Screen-Shot-2018-09-13-at-12.26.40-600x662.png 600w\" sizes=\"(max-width: 678px) 100vw, 678px\" \/><\/div>\n\t\t<\/figure>\n\t<\/div>\n\n\t<div class=\"wpb_text_column wpb_content_element\" >\n\t\t<div class=\"wpb_wrapper\">\n\t\t\t<p>Silvia mala po skon\u010den\u00ed \u0161koly rozbehnut\u00fa kari\u00e9ru vo financi\u00e1ch. Hoci mala na\u0161liapnut\u00e9 na skvel\u00fa bud\u00facnos\u0165 a\u00a0v\u00a0pr\u00e1ci sa jej darilo, americk\u00fd sen jej v\u00a0hlave rezonoval dlh\u00fd \u010das.<\/p>\n<p>\u201eVe\u013emi som t\u00fa\u017eila \u017ei\u0165 v\u00a0Amerike. T\u00fato krajinu som spoznala v\u010faka programu Work\u00a0&amp; Travel, ktor\u00fd som absolvovala \u0161tyrikr\u00e1t ako \u0161tudentka. Postupne som spozn\u00e1vala Ameri\u010danov, ich mentalitu a\u00a0za\u010dala som zis\u0165ova\u0165, ako tam funguj\u00fa r\u00f4zne syst\u00e9my,\u201c vysvetlila.<\/p>\n<p>Po vycestovan\u00ed za ve\u013ek\u00fa ml\u00e1ku stavila na istotu a\u00a0svoje podnikanie sa rozhodla rozbehn\u00fa\u0165 v\u00a0oblasti, v\u00a0ktorej mala sk\u00fasenosti.<\/p>\n<p>\u201eZa\u010dala som spolupracova\u0165 so slovenskou agent\u00farou, pre ktor\u00fa som organizovala sez\u00f3nne pr\u00e1ce \u010di ro\u010dn\u00e9 platen\u00e9 st\u00e1\u017ee ur\u010den\u00e9 pre Slov\u00e1kov na Miami. I\u0161lo o\u00a0program podobn\u00fd tomu, ktor\u00fd som absolvovala roky predt\u00fdm ja, len lep\u0161ie zorganizovan\u00fd, so slovensky hovoriacim deleg\u00e1tom, na ktor\u00e9ho by sa \u0161tudenti mohli v\u00a0pr\u00edpade potreby obr\u00e1ti\u0165,\u201c pop\u00edsala za\u010diatky spred siedmich rokov.<\/p>\n<p>Cel\u00fd rozhovor si viete pre\u010d\u00edta\u0165 <a href=\"https:\/\/zivot.pluska.sk\/clanok\/550798\/pred-30-tkou-ma-uspesnu-firmu-v-usa-hoci-ste-len-priemerny-podnikatel-v-amerike-mate-stale-obrovsky-potencial-tvrdi\">HERE.<\/a><\/p>\n\n\t\t<\/div>\n\t<\/div>\n<div class=\"vc_empty_space\"   style=\"height: 40px\"><span class=\"vc_empty_space_inner\"><\/span><\/div><\/div><\/div><\/div><\/div><div data-vc-full-width=\"true\" data-vc-full-width-init=\"false\" class=\"vc_row wpb_row vc_row-fluid third_bg_color vc_custom_1459505959648\"><div class=\"wpb_column vc_column_container vc_col-sm-12\"><div class=\"vc_column-inner\"><div class=\"wpb_wrapper\">\n<section class=\"vc_cta3-container\" >\n    <div class=\"vc_general vc_cta3 third_bg_color vc_cta3-style-flat vc_cta3-shape-square vc_cta3-align-left vc_cta3-color-classic vc_cta3-icon-size-md vc_cta3-actions-right vc_custom_1533930802065 style=\"\"\">\n                        <div class=\"vc_cta3_content-container\">\n                                    <div class=\"vc_cta3-content\">\n                <header class=\"vc_cta3-content-header\">\n                    <div class=\"vc_custom_heading\" ><h2 style=\"font-size: 20px;color: #ffffff;line-height: 24px\" class=\"consulting-custom-title\">Do you still have unanswered questions?<\/h2><\/div>                                    <\/header>\n                            <\/div>\n                        <div class=\"vc_cta3-actions\"><div class=\"vc_btn3-container vc_btn3-right\" ><a class=\"vc_general vc_btn3 vc_btn3-size-md vc_btn3-shape-rounded vc_btn3-style-flat vc_btn3-icon-right vc_btn3-color-theme_style_2\" href=\"http:\/\/ambiz.eu\/en\/faq\/\" title=\"\">Pre\u010d\u00edtajte si FAQ - \u010casto Kladen\u00e9 Ot\u00e1zky <i class=\"vc_btn3-icon fa fa-chevron-right\"><\/i><\/a><\/div><\/div>        <\/div>\n                    <\/div>\n<\/section><\/div><\/div><\/div><\/div><div class=\"vc_row-full-width vc_clearfix\"><\/div>","protected":false},"excerpt":{"rendered":"Forbes Priemern\u00fd podnikate\u013e zo Slovensku m\u00e1 potenci\u00e1l by\u0165 v USA mimoriadne \u00faspe\u0161n\u00fd, hovor\u00ed Silvia Slobodov\u00e1, ktor\u00e1 otv\u00e1ra tunaj\u0161\u00edm firm\u00e1m dvere na americk\u00fd trh. Ona sama za\u010dala v Miami podnika\u0165 pred \u0161iestimi rokmi, a aj ke\u010f jej p\u00f4vodn\u00fdm pl\u00e1nom bolo sprostredk\u00fava\u0165 tam sez\u00f3nne pr\u00e1ce \u010di st\u00e1\u017ee pre \u0161tudentov, dnes tvor\u00ed 80 % jej biznisu pomoc slovensk\u00fdm","protected":false},"author":1,"featured_media":0,"parent":0,"menu_order":0,"comment_status":"closed","ping_status":"closed","template":"","meta":{"_monsterinsights_skip_tracking":false,"_monsterinsights_sitenote_active":false,"_monsterinsights_sitenote_note":"","_monsterinsights_sitenote_category":0,"footnotes":""},"yst_prominent_words":[],"class_list":["post-3600","page","type-page","status-publish","hentry"],"_links":{"self":[{"href":"https:\/\/ambiz.eu\/en\/wp-json\/wp\/v2\/pages\/3600"}],"collection":[{"href":"https:\/\/ambiz.eu\/en\/wp-json\/wp\/v2\/pages"}],"about":[{"href":"https:\/\/ambiz.eu\/en\/wp-json\/wp\/v2\/types\/page"}],"author":[{"embeddable":true,"href":"https:\/\/ambiz.eu\/en\/wp-json\/wp\/v2\/users\/1"}],"replies":[{"embeddable":true,"href":"https:\/\/ambiz.eu\/en\/wp-json\/wp\/v2\/comments?post=3600"}],"version-history":[{"count":6,"href":"https:\/\/ambiz.eu\/en\/wp-json\/wp\/v2\/pages\/3600\/revisions"}],"predecessor-version":[{"id":3892,"href":"https:\/\/ambiz.eu\/en\/wp-json\/wp\/v2\/pages\/3600\/revisions\/3892"}],"wp:attachment":[{"href":"https:\/\/ambiz.eu\/en\/wp-json\/wp\/v2\/media?parent=3600"}],"wp:term":[{"taxonomy":"yst_prominent_words","embeddable":true,"href":"https:\/\/ambiz.eu\/en\/wp-json\/wp\/v2\/yst_prominent_words?post=3600"}],"curies":[{"name":"wp","href":"https:\/\/api.w.org\/{rel}","templated":true}]}}